{"id":307,"date":"2023-08-31T10:57:37","date_gmt":"2023-08-31T08:57:37","guid":{"rendered":"http:\/\/mathssa.fr\/?page_id=307"},"modified":"2024-09-12T21:54:48","modified_gmt":"2024-09-12T19:54:48","slug":"mathematiques-seconde","status":"publish","type":"page","link":"https:\/\/mathssa.fr\/?page_id=307","title":{"rendered":"Math\u00e9matiques seconde"},"content":{"rendered":"\n<p><strong>AUTOMATISMES<\/strong>:<\/p>\n\n\n\n<figure class=\"wp-block-table alignfull is-style-regular\"><table class=\"has-fixed-layout\"><tbody><tr><td>Th\u00e8mes<\/td><td>Proportionnalit\u00e9<\/td><td>Fractions &#8211;<br>Puissances<\/td><td>Distributivit\u00e9<\/td><td>Identit\u00e9s remarquables<\/td><td>(in)\u00e9quations du 1er degr\u00e9 , x\u00b2=a<\/td><td>Syst\u00e8mes d&rsquo;\u00e9quations<\/td><\/tr><tr><td>Automatismes<\/td><td>Num\u00e9ro 1:<br><a href=\"http:\/\/mathssa.fr\/2auto1.docx\">word<\/a> ou <a href=\"http:\/\/mathssa.fr\/2auto1.pdf\">pdf<\/a><\/td><td>Num\u00e9ro 2:<br><a href=\"http:\/\/mathssa.fr\/2auto2.docx\">word<\/a> ou <a href=\"http:\/\/mathssa.fr\/2auto2.pdf\">pdf<\/a><\/td><td>Num\u00e9ro 3:<br><a href=\"http:\/\/mathssa.fr\/2auto3.docx\">word<\/a> ou <a href=\"http:\/\/mathssa.fr\/2auto3.pdf\">pdf<\/a><\/td><td>Num\u00e9ro 4:<br><a href=\"http:\/\/mathssa.fr\/2auto4.docx\">word<\/a> ou <a href=\"http:\/\/mathssa.fr\/2auto4.pdf\">pdf<\/a><\/td><td>Num\u00e9ro 5:<br><a href=\"http:\/\/mathssa.fr\/2auto5.docx\">word<\/a> ou <a href=\"http:\/\/mathssa.fr\/2auto5.pdf\">pdf<\/a><\/td><td>Num\u00e9ro 6:<br><a href=\"http:\/\/mathssa.fr\/2auto6.docx\">word<\/a> ou <a href=\"http:\/\/mathssa.fr\/2auto6.pdf\">pdf<\/a><\/td><\/tr><tr><td>Liens vid\u00e9os<\/td><td><a href=\"http:\/\/mathssa.fr\/proportio\">mathssa.fr\/proportio<\/a><\/td><td><\/td><td><\/td><td><\/td><td><\/td><td><\/td><\/tr><tr><td>Pour s&rsquo;entrainer<\/td><td><sub>*<\/sub><a href=\"http:\/\/bref.jeduque.net\/eqtn34\"><sub>proportionnalit\u00e9<\/sub><\/a><br>*<a href=\"http:\/\/bref.jeduque.net\/qbvxlu\"><sub>proportionnalit\u00e92<\/sub><\/a><br>*<sub><a href=\"http:\/\/mathssa.fr\/proporequa\">mathssa.fr\/proporequa<\/a><br>*<a href=\"http:\/\/mathssa.fr\/echelle\">mathssa.fr\/echelle<\/a><br>*<a href=\"http:\/\/mathssa.fr\/distance\">mathssa.fr\/distance<\/a><br>*<a href=\"http:\/\/mathssa.fr\/litteral1\">mathssa.fr\/litteral1<\/a><\/sub><br><sub>*<a href=\"http:\/\/mathssa.fr\/litteral2\">mathssa.fr\/litteral2<\/a><\/sub><br><sub>*<a href=\"http:\/\/mathssa.fr\/litteral3\">mathssa.fr\/litteral3<\/a><\/sub><\/td><td><\/td><td><\/td><td><\/td><td><\/td><td><\/td><\/tr><\/tbody><\/table><\/figure>\n\n\n\n<p><strong>DEVOIRS  :<\/strong><\/p>\n\n\n\n<figure class=\"wp-block-table alignfull is-style-regular\"><table><tbody><tr><td>Pour le:<\/td><td>23\/09<\/td><td>26\/09<\/td><td>30\/09<\/td><td>11\/10<\/td><td>18\/10<\/td><td> <\/td><td><\/td><td><\/td><td><\/td><td><\/td><td><\/td><\/tr><tr><td>Devoir<\/td><td>test1 ch1 et auto1<\/td><td>dm1 <br><a href=\"http:\/\/mathssa.fr\/2dm1.docx\">word<\/a> ou <a href=\"http:\/\/mathssa.fr\/2dm1.pdf\">pdf<\/a><\/td><td>test2 ch2 et auto2<\/td><td>dm2<br><a href=\"http:\/\/mathssa.fr\/2dm2.docx\">word<\/a> ou <a href=\"http:\/\/mathssa.fr\/2dm2.pdf\">pdf<\/a><\/td><td>ds1<br>(auto 1,2, ch1,2)<\/td><td><\/td><td><\/td><td><\/td><td><\/td><td><\/td><td><\/td><\/tr><tr><td>Pour le <\/td><td><\/td><td><\/td><td><\/td><td><\/td><td><\/td><td><\/td><td><\/td><td><\/td><td><\/td><td><\/td><td><\/td><\/tr><tr><td>Devoir <\/td><td><\/td><td> <\/td><td> <\/td><td><\/td><td><\/td><td><\/td><td><\/td><td><\/td><td><\/td><td><\/td><td><\/td><\/tr><\/tbody><\/table><\/figure>\n\n\n\n<p><strong>COURS:<\/strong><\/p>\n\n\n\n<figure class=\"wp-block-table alignfull is-style-regular\"><table><tbody><tr><td>Chapitres<\/td><td>cours profs<\/td><td>liens vid\u00e9os<\/td><td>exercices<\/td><td>activit\u00e9s<\/td><\/tr><tr><td>Chapitre 1 : racines carr\u00e9es et valeur absolue<\/td><td><a href=\"http:\/\/mathssa.fr\/2chapitre1prof.docx\">word<\/a> ou <a href=\"http:\/\/mathssa.fr\/2chapitre1prof.pdf\">pdf<\/a><\/td><td>*<a href=\"http:\/\/www.mathssa.fr\/racinecar\">mathssa.fr\/racinecar<\/a><br>*<a href=\"http:\/\/mathssa.fr\/valabs2\">mathssa.fr\/valabs2<\/a><br><a href=\"http:\/\/mathssa.fr\/simpliracines\">*mathssa.fr\/simpliracines<\/a><br><a href=\"http:\/\/mathssa.fr\/simpliracines2\">*mathssa.fr\/simpliracines2<\/a><br><a href=\"http:\/\/mathssa.fr\/extrairecarre\">*mathssa.fr\/extrairecarre<\/a><br><a href=\"http:\/\/mathssa.fr\/simpliracines3\">*mathssa.fr\/simpliracines3<\/a><\/td><td>*<a href=\"http:\/\/mathssa.fr\/exosracines.pdf\">racines carr\u00e9es<\/a><br>* <a href=\"http:\/\/mathssa.fr\/exosvaleurabsolue.pdf\"> valeur absolue<\/a><br>entrainement:<br>*<a href=\"http:\/\/mathssa.fr\/racine1\">mathssa.fr\/racine1<\/a><br>*<a href=\"http:\/\/mathssa.fr\/racines2\">mathssa.fr\/racines2<\/a><br>*<a href=\"http:\/\/mathssa.fr\/racines3\">mathssa.fr\/racines3<\/a><br>*<a href=\"http:\/\/mathssa.fr\/racines5\">mathssa.fr\/racines5<\/a><br>*<a href=\"http:\/\/mathssa.fr\/racines6\">mathssa.fr\/racines6<\/a><br>*<a href=\"http:\/\/mathssa.fr\/wimsvalabs\">mathssa.fr\/wimsvalabs<\/a><br>*<a href=\"http:\/\/mathssa.fr\/wimsvalabs2\" data-type=\"URL\" data-id=\"mathssa.fr\/wimsvalabs2\">mathssa.fr\/wimsvalabs2<\/a><br>approfondissement:<br><a href=\"http:\/\/mathssa.fr\/racines7\">mathssa.fr\/racines7<\/a><\/td><td>activit\u00e9:<a href=\"http:\/\/mathssa.fr\/2actch1.docx\">word<\/a> ou <a href=\"http:\/\/mathssa.fr\/2actch1.pdf\">pdf<\/a><br><br>rectangles parfaits:<a href=\"http:\/\/mathssa.fr\/rectangles parfaits.docx\">word<\/a> ou <a href=\"http:\/\/mathssa.fr\/rectangles parfaits.pdf\">pdf<\/a><\/td><\/tr><tr><td>Chapitre 2 : les grands ensembles de nombres<\/td><td><a href=\"http:\/\/mathssa.fr\/2chapitre2prof.docx\">word<\/a> ou <a href=\"http:\/\/mathssa.fr\/2chapitre2prof.pdf\">pdf<\/a><\/td><td><\/td><td><a href=\"http:\/\/mathssa.fr\/2exoschapitre2cor.docx\">word<\/a> ou <a href=\"http:\/\/mathssa.fr\/2exoschapitre2cor.pdf\">pdf<\/a><\/td><td><\/td><\/tr><tr><td>Chapitre 3 : les vecteurs 1\u00e8re partie<\/td><td><a href=\"http:\/\/mathssa.fr\/2chapitre3prof.docx\">word<\/a> ou <a href=\"http:\/\/mathssa.fr\/2chapitre3prof.pdf\">pdf<\/a><\/td><td><\/td><td>1.<a href=\"http:\/\/mathssa.fr\/2exercicesch3part1.docx\">word<\/a> ou <a href=\"http:\/\/mathssa.fr\/2exercicesch3part1.pdf\">pdf<\/a><br>2.<a href=\"http:\/\/mathssa.fr\/2exercicesch3part2.docx\">word<\/a> ou <a href=\"http:\/\/mathssa.fr\/2exercicesch3part2.pdf\">pdf<\/a><br>3.<a href=\"http:\/\/mathssa.fr\/2exercicesch3part3.docx\">word<\/a> ou <a href=\"http:\/\/mathssa.fr\/2exercicesch3part3.pdf\">pdf<\/a><\/td><td>activit\u00e9:<a href=\"http:\/\/mathssa.fr\/2actchapitre3.docx\">word<\/a> ou <a href=\"http:\/\/mathssa.fr\/2actchapitre3.pdf\">pdf<\/a><br>Chasse au tr\u00e9sor :<a href=\"http:\/\/mathssa.fr\/Chasse au tr\u00e9sors.docx\">word<\/a> ou <a href=\"http:\/\/mathssa.fr\/Chasse au tr\u00e9sor.pdf\">pdf<\/a><\/td><\/tr><tr><td>Chapitre 4 : compl\u00e9ments sur les intervalles et l&rsquo;ordre<\/td><td><a href=\"http:\/\/mathssa.fr\/2chapitre4prof.docx\">word<\/a> ou <a href=\"http:\/\/mathssa.fr\/2chapitre4prof.pdf\">pdf<\/a><\/td><td><\/td><td><a href=\"http:\/\/mathssa.fr\/2exercicesch4.docx\">word<\/a> ou <a href=\"http:\/\/mathssa.fr\/2exercicesch4.pdf\">pdf<\/a><\/td><td><\/td><\/tr><tr><td>Chapitre 5 : les fonctions 1\u00e8re partie<\/td><td><a href=\"http:\/\/mathssa.fr\/2chapitre5prof.docx\">word<\/a> ou <a href=\"http:\/\/mathssa.fr\/2chapitre5prof.pdf\">pdf<\/a><\/td><td><\/td><td><a href=\"http:\/\/mathssa.fr\/2exercicesch5.docx\">word<\/a> ou <a href=\"http:\/\/mathssa.fr\/2exercicesch5.pdf\">pdf<\/a><br>corrig\u00e9s:<br><a href=\"http:\/\/mathssa.fr\/2exercicesch5cor.docx\">word<\/a> ou <a href=\"http:\/\/mathssa.fr\/2exercicesch5cor.pdf\">pdf<\/a><\/td><td>R\u00e9solution de probl\u00e8me:<a href=\"http:\/\/mathssa.fr\/2problemesch6.docx\">word<\/a> ou <a href=\"http:\/\/mathssa.fr\/2problemesch5.pdf\">pdf<\/a><\/td><\/tr><tr><td>Chapitre 6 : informations chiffr\u00e9es (pourcentages)<br><\/td><td><a href=\"http:\/\/mathssa.fr\/2chapitre6eleves.docx\">word<\/a> ou <a href=\"http:\/\/mathssa.fr\/2chapitre6eleves.pdf\">pdf<\/a><\/td><td><\/td><td><a href=\"http:\/\/mathssa.fr\/2exercicesch6.docx\">word<\/a> ou <a href=\"http:\/\/mathssa.fr\/2exercicesch6.pdf\">pdf<\/a><br>corrig\u00e9s:<br><a href=\"http:\/\/mathssa.fr\/2exercicesch6cor.docx\">word<\/a> ou <a href=\"http:\/\/mathssa.fr\/2exercicesch6cor.pdf\">pdf<\/a><\/td><td>activit\u00e9:<a href=\"http:\/\/mathssa.fr\/2actchapitre6.docx\">word<\/a> ou <a href=\"http:\/\/mathssa.fr\/2actchapitre6.pdf\">pdf<\/a><br>activit\u00e9 correction : <a href=\"http:\/\/mathssa.fr\/2actchapitre6cor.pdf\">pdf<\/a><\/td><\/tr><tr><td>Chapitre 7 : les fonctions 2\u00e8me partie<\/td><td><a href=\"http:\/\/mathssa.fr\/2chapitre7eleves.docx\">word<\/a> ou <a href=\"http:\/\/mathssa.fr\/2chapitre7eleves.pdf\">pdf<\/a><\/td><td><\/td><td><a href=\"http:\/\/mathssa.fr\/2exercicesch7.docx\">word<\/a> ou <a href=\"http:\/\/mathssa.fr\/2exercicesch7.pdf\">pdf<\/a><br>corrig\u00e9s:<br><a href=\"http:\/\/mathssa.fr\/2exercicesch7cor.docx\">word<\/a> ou <a href=\"http:\/\/mathssa.fr\/2exercicesch7cor.pdf\">pdf<\/a><\/td><td>activit\u00e9 calculatrice:<a href=\"http:\/\/mathssa.fr\/activitecalculatrice.docx\">word<\/a> ou <a href=\"http:\/\/mathssa.fr\/activitecalculatrice.pdf\">pdf<\/a><br>optimisation: <a href=\"http:\/\/mathssa.fr\/2actchapitre7.docx\">word<\/a> ou <a href=\"http:\/\/mathssa.fr\/2actchapitre7.pdf\">pdf<\/a><\/td><\/tr><tr><td>Chapitre 8 : les vecteurs 2\u00e8me partie<\/td><td><a href=\"http:\/\/mathssa.fr\/2chapitre8prof.docx\">word<\/a> ou <a href=\"http:\/\/mathssa.fr\/2chapitre8prof.pdf\">pdf<\/a><\/td><td><\/td><td><a href=\"http:\/\/mathssa.fr\/2exercicesch8.docx\">word<\/a> ou <a href=\"http:\/\/mathssa.fr\/2exercicesch8.pdf\">pdf<\/a><\/td><td><\/td><\/tr><tr><td>Chapitre 9 : les fonctions 3\u00e8me partie<\/td><td><a href=\"http:\/\/mathssa.fr\/2chapitre9prof.docx\">word<\/a> ou <a href=\"http:\/\/mathssa.fr\/2chapitre9prof.pdf\">pdf<\/a><\/td><td><\/td><td><a href=\"http:\/\/mathssa.fr\/2exercicesch9.docx\"><\/a><a href=\"http:\/\/mathssa.fr\/2exercicesch9.docx\">word<\/a> ou <a href=\"http:\/\/mathssa.fr\/2exercicesch9.pdf\">pdf<\/a><br>corrig\u00e9s:<a href=\"http:\/\/mathssa.fr\/2exercicesch9cor.docx\"><br><\/a><a href=\"http:\/\/mathssa.fr\/2exercicesch6cor.docx\"><\/a><a href=\"http:\/\/mathssa.fr\/2exercicesch9cor.docx\">word<\/a> ou  <a href=\"http:\/\/mathssa.fr\/2exercicesch9cor.pdf\">pdf<\/a><\/td><td><\/td><\/tr><tr><td>Chapitre 10 : les probabilit\u00e9s<br><\/td><td><a href=\"http:\/\/mathssa.fr\/2chapitre10prof.docx\">word<\/a> ou <a href=\"http:\/\/mathssa.fr\/2chapitre10prof.pdf\">pdf<\/a><\/td><td><\/td><td><\/td><td><\/td><\/tr><tr><td>Chapitre 11 : diff\u00e9rentes \u00e9critures d&rsquo;une meme expression-applications<\/td><td><a href=\"http:\/\/mathssa.fr\/2chapitre11eleves.docx\">word<\/a> ou <a href=\"http:\/\/mathssa.fr\/2chapitre11eleves.pdf\">pdf<\/a><\/td><td><\/td><td><a href=\"http:\/\/mathssa.fr\/2exercicesch11.docx\">word<\/a> ou <a href=\"http:\/\/mathssa.fr\/2exercicesch11.pdf\">pdf<\/a><br>corrig\u00e9s:<a href=\"http:\/\/mathssa.fr\/2exercicesch11cor.docx\">word<\/a> ou <a href=\"http:\/\/mathssa.fr\/2exercicesch11cor.pdf\">pdf<\/a><\/td><td>optimisation: <a href=\"http:\/\/mathssa.fr\/2actchapitre7.docx\">word<\/a> ou <a href=\"http:\/\/mathssa.fr\/2actchapitre7.pdf\">pdf<\/a><\/td><\/tr><tr><td>Chapitre 12 : les vecteurs 3\u00e8me partie<\/td><td><a href=\"http:\/\/mathssa.fr\/2chapitre12prof.docx\">word<\/a> ou <a href=\"http:\/\/mathssa.fr\/2chapitre12prof.pdf\">pdf<\/a><\/td><td><\/td><td><a href=\"http:\/\/mathssa.fr\/2exercicesch12.docx\">word<\/a> ou <a href=\"http:\/\/mathssa.fr\/2exercicesch12.pdf\">pdf<\/a><br>corrig\u00e9s:<a href=\"http:\/\/mathssa.fr\/2exercicesch12cor.docx\">word<\/a> ou <a href=\"http:\/\/mathssa.fr\/2exercicesch12cor.pdf\">pdf<\/a><\/td><td><\/td><\/tr><tr><td>Chapitre 13 : statistiques<\/td><td><a href=\"http:\/\/mathssa.fr\/2chapitre13prof.docx\">word<\/a> ou <a href=\"http:\/\/mathssa.fr\/2chapitre13prof.pdf\">pdf<\/a><\/td><td><\/td><td><a href=\"http:\/\/mathssa.fr\/2exercicesch13.docx\">word<\/a> ou <a href=\"http:\/\/mathssa.fr\/2exercicesch13.pdf\">pdf<\/a><br>corrig\u00e9s:<a href=\"http:\/\/mathssa.fr\/2exercicesch13cor.docx\">word<\/a> ou <a href=\"http:\/\/mathssa.fr\/2exercicesch13cor.pdf\">pdf<\/a><\/td><td><\/td><\/tr><tr><td>Chapitre 14 : les fonctions 4\u00e8me partie<\/td><td><a href=\"http:\/\/mathssa.fr\/2chapitre14prof.docx\">word<\/a> ou <a href=\"http:\/\/mathssa.fr\/2chapitre14prof.pdf\">pdf<\/a><\/td><td><\/td><td><a href=\"http:\/\/mathssa.fr\/2exercicesch14.docx\">word<\/a> ou <a href=\"http:\/\/mathssa.fr\/2exercicesch14.pdf\">pdf<\/a><br>corrig\u00e9s:<a href=\"http:\/\/mathssa.fr\/2exercicesch14cor.docx\">word<\/a> ou <a href=\"http:\/\/mathssa.fr\/2exercicesch14cor.pdf\">pdf<\/a><\/td><td><\/td><\/tr><tr><td>Chapitre 15 : \u00e9quation r\u00e9duite de droite<\/td><td><a href=\"http:\/\/mathssa.fr\/2chapitre15prof.docx\">word<\/a> ou <a href=\"http:\/\/mathssa.fr\/2chapitre15prof.pdf\">pdf<\/a><\/td><td><\/td><td><a href=\"http:\/\/mathssa.fr\/2exercicesch15.docx\">word<\/a> ou <a href=\"http:\/\/mathssa.fr\/2exercicesch15.pdf\">pdf<\/a><br>corrig\u00e9s:<a href=\"http:\/\/mathssa.fr\/2exercicesch15cor.docx\">word<\/a> ou <a href=\"http:\/\/mathssa.fr\/2exercicesch15cor.pdf\">pdf<\/a><\/td><td><\/td><\/tr><tr><td>Chapitre 16 : compl\u00e9ments de g\u00e9om\u00e9trie plane<\/td><td><\/td><td><\/td><td><\/td><td><\/td><\/tr><\/tbody><\/table><\/figure>\n","protected":false},"excerpt":{"rendered":"<p>AUTOMATISMES: Th\u00e8mes Proportionnalit\u00e9 Fractions &#8211;Puissances Distributivit\u00e9 Identit\u00e9s remarquables (in)\u00e9quations du 1er degr\u00e9 , x\u00b2=a Syst\u00e8mes d&rsquo;\u00e9quations Automatismes Num\u00e9ro 1:word ou pdf Num\u00e9ro 2:word ou pdf Num\u00e9ro 3:word ou pdf Num\u00e9ro 4:word ou pdf Num\u00e9ro 5:word ou pdf Num\u00e9ro 6:word ou pdf Liens vid\u00e9os mathssa.fr\/proportio Pour s&rsquo;entrainer *proportionnalit\u00e9*proportionnalit\u00e92*mathssa.fr\/proporequa*mathssa.fr\/echelle*mathssa.fr\/distance*mathssa.fr\/litteral1*mathssa.fr\/litteral2*mathssa.fr\/litteral3 DEVOIRS : Pour le: 23\/09 26\/09 30\/09 11\/10 [&hellip;]<\/p>\n","protected":false},"author":1,"featured_media":0,"parent":0,"menu_order":0,"comment_status":"closed","ping_status":"closed","template":"","meta":[],"_links":{"self":[{"href":"https:\/\/mathssa.fr\/index.php?rest_route=\/wp\/v2\/pages\/307"}],"collection":[{"href":"https:\/\/mathssa.fr\/index.php?rest_route=\/wp\/v2\/pages"}],"about":[{"href":"https:\/\/mathssa.fr\/index.php?rest_route=\/wp\/v2\/types\/page"}],"author":[{"embeddable":true,"href":"https:\/\/mathssa.fr\/index.php?rest_route=\/wp\/v2\/users\/1"}],"replies":[{"embeddable":true,"href":"https:\/\/mathssa.fr\/index.php?rest_route=%2Fwp%2Fv2%2Fcomments&post=307"}],"version-history":[{"count":66,"href":"https:\/\/mathssa.fr\/index.php?rest_route=\/wp\/v2\/pages\/307\/revisions"}],"predecessor-version":[{"id":531,"href":"https:\/\/mathssa.fr\/index.php?rest_route=\/wp\/v2\/pages\/307\/revisions\/531"}],"wp:attachment":[{"href":"https:\/\/mathssa.fr\/index.php?rest_route=%2Fwp%2Fv2%2Fmedia&parent=307"}],"curies":[{"name":"wp","href":"https:\/\/api.w.org\/{rel}","templated":true}]}}