{"id":409,"date":"2023-11-12T17:01:54","date_gmt":"2023-11-12T16:01:54","guid":{"rendered":"http:\/\/mathssa.fr\/?page_id=409"},"modified":"2024-09-08T13:49:57","modified_gmt":"2024-09-08T11:49:57","slug":"snt-3","status":"publish","type":"page","link":"https:\/\/mathssa.fr\/?page_id=409","title":{"rendered":"ALGORITHMIQUE ET SNT"},"content":{"rendered":"\n<p>liens utiles : <strong><a href=\"http:\/\/mathssa.fr\/manuelsnt\">manuel de SNT <\/a><\/strong><\/p>\n\n\n\n<p><strong><span class=\"has-inline-color has-primary-color\">Proportionnalit\u00e9 et SNT: <\/span><\/strong><\/p>\n\n\n\n<ul><li><a href=\"http:\/\/mathssa.fr\/distance\">formules avec les distances<\/a><\/li><li><a href=\"http:\/\/mathssa.fr\/echelle\">probl\u00e8mes d&rsquo;\u00e9chelles 1<\/a> &nbsp;&nbsp;&nbsp;et <a href=\"http:\/\/bref.jeduque.net\/upx022\">probl\u00e8mes d&rsquo;\u00e9chelles 2<\/a><\/li><li><a href=\"https:\/\/tool-online.com\/conversion-angle.php\">conversion d&rsquo;angles<\/a><\/li><\/ul>\n\n\n\n<div class=\"wp-block-group\"><div class=\"wp-block-group__inner-container\">\n<p><span class=\"has-inline-color has-primary-color\"><strong>SYNTHESE D&rsquo;ALGORITHMIQUE ET DE SNT :<\/strong> <strong><a href=\"http:\/\/www.mathssa.fr\/synth\u00e8se d'algorithmique et de SNT.docx\">word<\/a><\/strong> ou <strong><a href=\"http:\/\/www.mathssa.fr\/synth\u00e8se d'algorithmique et de SNT.pdf\">pdf<\/a><\/strong><\/span><\/p>\n<\/div><\/div>\n\n\n\n<h2 class=\"has-normal-font-size\">ALGORITHMIQUE -PROGRAMMATION<\/h2>\n\n\n\n<p><\/p>\n\n\n\n<figure class=\"wp-block-table alignfull is-style-regular\"><table class=\"has-fixed-layout\"><tbody><tr><td>Algorithmique<\/td><td>Partie A &#8211;<br>Algorithme-variables-affectation<\/td><td>Partie B &#8211;<br>Programmation en langage python<br>(consoles -biblioth\u00e8ques)<\/td><td>Partie C &#8211;<br>les fonctions <\/td><td>Partie D &#8211;<br>Instructions conditionnelles<\/td><td>Partie E- boucle born\u00e9e<br><\/td><td>Partie F -boucle non born\u00e9e<\/td><\/tr><tr><td>Cours<\/td><td><a href=\"http:\/\/www.mathssa.fr\/Cours partie A.docx\">word<\/a> ou <a href=\"http:\/\/www.mathssa.fr\/Cours partie A.pdf\">pdf<\/a><\/td><td><a href=\"http:\/\/www.mathssa.fr\/Cours partie B.docx\">word<\/a> ou <a href=\"http:\/\/www.mathssa.fr\/Cours partie B.pdf\">pdf<\/a><\/td><td><a href=\"http:\/\/www.mathssa.fr\/Cours partie C.docx\">word<\/a> ou <a href=\"http:\/\/www.mathssa.fr\/Cours partie C.pdf\">pdf<\/a><\/td><td><a href=\"http:\/\/www.mathssa.fr\/Cours partie D.docx\">word<\/a> ou <a href=\"http:\/\/www.mathssa.fr\/Cours partie D.pdf\">pdf<\/a><\/td><td><a href=\"http:\/\/www.mathssa.fr\/Cours partie E.docx\">word<\/a> ou <a href=\"http:\/\/www.mathssa.fr\/Cours partie E.pdf\">pdf<\/a><\/td><td><a href=\"http:\/\/www.mathssa.fr\/Cours partie F.docx\">word<\/a> ou <a href=\"http:\/\/www.mathssa.fr\/cours partie F.pdf\">pdf<\/a><\/td><\/tr><tr><td>Exercices<\/td><td><a href=\"http:\/\/www.mathssa.fr\/Exercices partie A.docx\">word<\/a> ou <a href=\"http:\/\/www.mathssa.fr\/Exercices partie A.pdf\">pdf<\/a><\/td><td><a href=\"http:\/\/www.mathssa.fr\/Exercices partie B.docx\">word<\/a> ou <a href=\"http:\/\/www.mathssa.fr\/Exercices partie B.pdf\">pdf<\/a><\/td><td><a href=\"http:\/\/www.mathssa.fr\/Exercices partie C.docx\">word<\/a> ou <a href=\"http:\/\/www.mathssa.fr\/Exercices partie C.pdf\">pdf<\/a><\/td><td><a href=\"http:\/\/www.mathssa.fr\/Exercices partie D.docx\">word<\/a> ou <a href=\"http:\/\/www.mathssa.fr\/Exercices partie D.pdf\">pdf<\/a><\/td><td><a href=\"http:\/\/www.mathssa.fr\/Exercices partie E.docx\">word<\/a> ou <a href=\"http:\/\/www.mathssa.fr\/Exercices partie E.pdf\">pdf<\/a><\/td><td><a href=\"http:\/\/www.mathssa.fr\/Exercices partie F.docx\">word<\/a> ou <a href=\"http:\/\/www.mathssa.fr\/Exercices partie F.pdf\">pdf<\/a><\/td><\/tr><tr><td>Exercices corrig\u00e9s<\/td><td><a href=\"http:\/\/www.mathssa.fr\/correctionalgoA.docx\">word<\/a> ou <a href=\"http:\/\/www.mathssa.fr\/correctionalgoA.pdf\">pdf<\/a><\/td><td><a href=\"http:\/\/www.mathssa.fr\/correctionalgoB.docx\">word<\/a> ou <a href=\"http:\/\/www.mathssa.fr\/correctionalgoB.pdf\">pdf<\/a><\/td><td><a href=\"http:\/\/www.mathssa.fr\/correctionalgoC.docx\">word<\/a> ou <a href=\"http:\/\/www.mathssa.fr\/correctionalgoC.pdf\">pdf<\/a><\/td><td><a href=\"http:\/\/www.mathssa.fr\/correctionalgoD.docx\">word<\/a> ou <a href=\"http:\/\/www.mathssa.fr\/correctionalgoD.pdf\">pdf<\/a><\/td><td><a href=\"http:\/\/www.mathssa.fr\/correctionalgoE.docx\">word<\/a> ou <a href=\"http:\/\/www.mathssa.fr\/correctionalgoE.pdf\">pdf<\/a><\/td><td><a href=\"http:\/\/www.mathssa.fr\/correctionalgoF.docx\">word<\/a> ou <a href=\"http:\/\/www.mathssa.fr\/correctionalgoF.pdf\">pdf<\/a><\/td><\/tr><\/tbody><\/table><\/figure>\n\n\n\n<h2 class=\"has-text-align-center\">SNT<\/h2>\n\n\n\n<figure class=\"wp-block-table alignwide is-style-regular\"><table class=\"has-fixed-layout\"><tbody><tr><td>Th\u00e8mes<\/td><td>Th\u00e8me 1 :<br>les donn\u00e9es <br>structur\u00e9es<\/td><td>Th\u00e8me 2:<br>Internet<\/td><td>Th\u00e8me 3:<br>le web<\/td><td>Th\u00e8me 4 :la photographie num\u00e9rique<\/td><td>Th\u00e8me 5 :l&rsquo;informatique embarqu\u00e9e<\/td><td>Th\u00e8me 4:<br>localisation , cartographie et mobilit\u00e9<\/td><td>Th\u00e8me 7: les r\u00e9seaux sociaux<\/td><\/tr><tr><td>Activit\u00e9s et exercices<\/td><td>act1:<a href=\"http:\/\/www.mathssa.fr\/activite1theme1.doc\">word<\/a> ou <a href=\"http:\/\/www.mathssa.fr\/activite1theme1.pdf\">pdf<\/a><br>act2:<a href=\"http:\/\/www.mathssa.fr\/activite2theme1.doc\">word<\/a> ou<a href=\"http:\/\/www.mathssa.fr\/activite2theme1.pdf\">pdf<\/a><br>act3:<a href=\"http:\/\/www.mathssa.fr\/activite3theme1.doc\">word<\/a> ou<a href=\"http:\/\/www.mathssa.fr\/activite3theme1.pdf\">pdf<\/a><br>act4:<a href=\"http:\/\/www.mathssa.fr\/activite4theme1.doc\">word<\/a> ou<a href=\"http:\/\/www.mathssa.fr\/activite4theme1.pdf\">pdf<\/a><\/td><td>act1:<a href=\"http:\/\/www.mathssa.fr\/activite1theme2.doc\">word<\/a> ou <a href=\"http:\/\/www.mathssa.fr\/activite1theme2.pdf\">pdf<\/a><br>act2:<a href=\"http:\/\/www.mathssa.fr\/activite2theme2.doc\">word<\/a> ou<a href=\"http:\/\/www.mathssa.fr\/activite2theme2.pdf\">pdf<\/a><br>act3:<a href=\"http:\/\/www.mathssa.fr\/activite3theme2.doc\">word<\/a> ou<a href=\"http:\/\/www.mathssa.fr\/activite3theme2.pdf\">pdf<\/a><\/td><td>act1:<a href=\"http:\/\/www.mathssa.fr\/activite1theme3.doc\">word<\/a> ou <a href=\"http:\/\/www.mathssa.fr\/activite1theme3.pdf\">pdf<\/a><br>act2:<a href=\"http:\/\/www.mathssa.fr\/activite2theme3.doc\">word<\/a> ou<a href=\"http:\/\/www.mathssa.fr\/activite2theme3.pdf\">pdf<\/a><br>act3:<a href=\"http:\/\/www.mathssa.fr\/activite3theme3.doc\">word<\/a> ou<a href=\"http:\/\/www.mathssa.fr\/activite3theme3.pdf\">pdf<\/a><br>act4:<a href=\"http:\/\/www.mathssa.fr\/activite4theme3.doc\">word<\/a> ou<a href=\"http:\/\/www.mathssa.fr\/activite4theme3.pdf\">pdf<\/a><br>act5:<a href=\"http:\/\/www.mathssa.fr\/activite5theme3.doc\">word<\/a> ou<a href=\"http:\/\/www.mathssa.fr\/activite5theme3.pdf\">pdf<\/a><\/td><td>act1:<a href=\"http:\/\/www.mathssa.fr\/activite1theme4.doc\">word<\/a> ou <a href=\"http:\/\/www.mathssa.fr\/activite1theme4.pdf\">pdf<\/a><br>act2:<a href=\"http:\/\/www.mathssa.fr\/activite2theme4.doc\">word<\/a> ou<a href=\"http:\/\/www.mathssa.fr\/activite2theme4.pdf\">pdf<\/a><\/td><td>act1:<a href=\"http:\/\/www.mathssa.fr\/activite1theme5.doc\">word<\/a> ou <a href=\"http:\/\/www.mathssa.fr\/activite1theme5.pdf\">pdf<\/a><br>act2:<a href=\"http:\/\/www.mathssa.fr\/activite2theme5.doc\">word<\/a> ou<a href=\"http:\/\/www.mathssa.fr\/activite2theme5.pdf\">pdf<\/a><br>act3:<a href=\"http:\/\/www.mathssa.fr\/activite3theme5.doc\">word<\/a> ou<a href=\"http:\/\/www.mathssa.fr\/activite3theme5.pdf\">pdf<\/a><\/td><td>act1:<a href=\"http:\/\/www.mathssa.fr\/activite1theme6.doc\">word<\/a> ou <a href=\"http:\/\/www.mathssa.fr\/activite1theme6.pdf\">pdf<\/a><br>act2:<a href=\"http:\/\/www.mathssa.fr\/activite2theme6.doc\">word<\/a> ou<a href=\"http:\/\/www.mathssa.fr\/activite2theme6.pdf\">pdf<\/a><\/td><td><\/td><\/tr><tr><td>Correction et fichiers informatiques<\/td><td>act1: <a href=\"http:\/\/www.mathssa.fr\/activite1theme1cor.pdf\">pdf<\/a><br>act2: <a href=\"http:\/\/www.mathssa.fr\/activite2theme1cor.pdf\">pdf<\/a><br><a href=\"http:\/\/www.mathssa.fr\/interventions2022.csv\">interventions.csv<\/a><br>act3: <a href=\"http:\/\/www.mathssa.fr\/activite3theme1cor.pdf\">pdf<\/a><br><a href=\"http:\/\/www.mathssa.fr\/codespostaux.csv\">codespostaux.csv<\/a><br><a href=\"http:\/\/www.mathssa.fr\/interventions2022.csv\">interventions.csv<\/a><br><a href=\"http:\/\/www.mathssa.fr\/sport.csv\">sport.csv<\/a><br>act4:<a href=\"http:\/\/www.mathssa.fr\/activite4theme1cor.pdf\">pdf<\/a><br><br><a href=\"http:\/\/www.mathssa.fr\/fichiers activit\u00e9 4.zip\">fichiers informatiques<\/a><br><\/td><td>act1: <a href=\"http:\/\/www.mathssa.fr\/activite1theme2cor.pdf\">pdf<\/a><br>act2: <a href=\"http:\/\/www.mathssa.fr\/activite2theme2cor.pdf\">pdf<\/a><br><a href=\"http:\/\/www.mathssa.fr\/fichiersact2theme2.zip\">fichiers filius<\/a><br>act3:<a href=\"http:\/\/www.mathssa.fr\/activite3theme2cor.pdf\">pdf<\/a><br><a href=\"http:\/\/www.mathssa.fr\/fichiersact3theme2.zip\">fichiers python<\/a><\/td><td>act1: <a href=\"http:\/\/www.mathssa.fr\/activite1theme3cor.pdf\">pdf<\/a><br>act2: <a href=\"http:\/\/www.mathssa.fr\/activite2theme3cor.pdf\">pdf<\/a><br>act3:<a href=\"http:\/\/www.mathssa.fr\/activite3theme3cor.pdf\">pdf<\/a><br>act4:<a href=\"http:\/\/www.mathssa.fr\/activite4theme3cor.pdf\">pdf<\/a><br>fichiers python:<br>*<a href=\"http:\/\/www.mathssa.fr\/pagerank0.py\">pagerank<\/a><br>*<a href=\"http:\/\/www.mathssa.fr\/pagerank2.py\">pagerank2<\/a><br>act5:<a href=\"http:\/\/www.mathssa.fr\/activite5theme3cor.pdf\">pdf<\/a><\/td><td><\/td><td><\/td><td><\/td><td><\/td><\/tr><\/tbody><\/table><\/figure>\n","protected":false},"excerpt":{"rendered":"<p>liens utiles : manuel de SNT Proportionnalit\u00e9 et SNT: formules avec les distances probl\u00e8mes d&rsquo;\u00e9chelles 1 &nbsp;&nbsp;&nbsp;et probl\u00e8mes d&rsquo;\u00e9chelles 2 conversion d&rsquo;angles ALGORITHMIQUE -PROGRAMMATION Algorithmique Partie A &#8211;Algorithme-variables-affectation Partie B &#8211;Programmation en langage python(consoles -biblioth\u00e8ques) Partie C &#8211;les fonctions Partie D &#8211;Instructions conditionnelles Partie E- boucle born\u00e9e Partie F -boucle non born\u00e9e Cours word ou [&hellip;]<\/p>\n","protected":false},"author":1,"featured_media":0,"parent":0,"menu_order":0,"comment_status":"closed","ping_status":"closed","template":"","meta":[],"_links":{"self":[{"href":"https:\/\/mathssa.fr\/index.php?rest_route=\/wp\/v2\/pages\/409"}],"collection":[{"href":"https:\/\/mathssa.fr\/index.php?rest_route=\/wp\/v2\/pages"}],"about":[{"href":"https:\/\/mathssa.fr\/index.php?rest_route=\/wp\/v2\/types\/page"}],"author":[{"embeddable":true,"href":"https:\/\/mathssa.fr\/index.php?rest_route=\/wp\/v2\/users\/1"}],"replies":[{"embeddable":true,"href":"https:\/\/mathssa.fr\/index.php?rest_route=%2Fwp%2Fv2%2Fcomments&post=409"}],"version-history":[{"count":28,"href":"https:\/\/mathssa.fr\/index.php?rest_route=\/wp\/v2\/pages\/409\/revisions"}],"predecessor-version":[{"id":526,"href":"https:\/\/mathssa.fr\/index.php?rest_route=\/wp\/v2\/pages\/409\/revisions\/526"}],"wp:attachment":[{"href":"https:\/\/mathssa.fr\/index.php?rest_route=%2Fwp%2Fv2%2Fmedia&parent=409"}],"curies":[{"name":"wp","href":"https:\/\/api.w.org\/{rel}","templated":true}]}}