{"id":506,"date":"2024-09-07T14:34:17","date_gmt":"2024-09-07T12:34:17","guid":{"rendered":"http:\/\/mathssa.fr\/?page_id=506"},"modified":"2025-06-01T17:34:47","modified_gmt":"2025-06-01T15:34:47","slug":"specialite-mathematiques-terminale","status":"publish","type":"page","link":"https:\/\/mathssa.fr\/?page_id=506","title":{"rendered":"Sp\u00e9cialit\u00e9 math\u00e9matiques terminale"},"content":{"rendered":"\n<p class=\"has-text-align-left\">SYNTHESE DU COURS (regroupement th\u00e9matique): <a href=\"http:\/\/mathssa.fr\/SYNTHESES DU COURS.docx\">word <\/a>ou <a href=\"http:\/\/mathssa.fr\/SYNTHESES DU COURS.pdf\">pdf<\/a><\/p>\n\n\n\n<figure class=\"wp-block-table is-style-regular\"><table class=\"has-fixed-layout\"><tbody><tr><td>Chapitre <\/td><td>Cours prof<\/td><td>Exercices <\/td><td>activit\u00e9s<\/td><td>devoirs<\/td><td>corrig\u00e9s<\/td><\/tr><tr><td>Chapitre 1 compl\u00e9ments de 1\u00e8re (suite arithm\u00e9tico g\u00e9om\u00e9trique , r\u00e9currence , d\u00e9riv\u00e9es de fcts compos\u00e9es , \u00e9qua dif et convexit\u00e9)<\/td><td><a href=\"http:\/\/mathssa.fr\/tch1prof.docx\">word<\/a> ou <a href=\"http:\/\/mathssa.fr\/tch1prof.pdf\">pdf<\/a><\/td><td>r\u00e9vision suite 1\u00e8re: <a href=\"http:\/\/mathssa.fr\/revisionsuites.docx\">word<\/a> ou <a href=\"http:\/\/mathssa.fr\/revisionsuites.pdf\">pdf<\/a><\/td><td><\/td><td><a href=\"http:\/\/mathssa.fr\/tdm1.docx\">dm1word<\/a> ou <a href=\"http:\/\/mathssa.fr\/tdm1.pdf\">dm1pdf<\/a><br><br><a href=\"http:\/\/mathssa.fr\/tds1.docx\">ds1word<\/a> ou <a href=\"http:\/\/mathssa.fr\/tds1.pdf\">ds1pdf<\/a><\/td><td><a href=\"http:\/\/mathssa.fr\/tdm1cor.pdf\">dm1cor<\/a><br><br><a href=\"http:\/\/mathssa.fr\/tds1cor.pdf\">ds1cor<\/a><\/td><\/tr><tr><td>Chapitre 2 limites d&rsquo;une fonction, continuit\u00e9 et application<\/td><td><a href=\"http:\/\/mathssa.fr\/tch2prof.docx\">word<\/a> ou <a href=\"http:\/\/mathssa.fr\/tch2prof.pdf\">pdf<\/a><\/td><td> <a href=\"http:\/\/mathssa.fr\/texosch2.docx\">word<\/a> ou <a href=\"http:\/\/mathssa.fr\/texosch2.pdf\">pdf<\/a><\/td><td><\/td><td><a href=\"http:\/\/mathssa.fr\/tdm2.docx\">dm2word<\/a> ou <a href=\"http:\/\/mathssa.fr\/tdm2.pdf\">dm2pdf<\/a><br><br><a href=\"http:\/\/mathssa.fr\/tdm3.docx\">dm3word<\/a> ou <a href=\"http:\/\/mathssa.fr\/tdm3.pdf\">dm3pdf<\/a><br><br><a href=\"http:\/\/mathssa.fr\/tds2.docx\">ds2word<\/a> ou <a href=\"http:\/\/mathssa.fr\/tds2.pdf\">ds2pdf<\/a><\/td><td><a href=\"http:\/\/mathssa.fr\/tdm2cor.pdf\">dm2cor<\/a><br><br><br><br><a href=\"http:\/\/mathssa.fr\/tdm3cor.pdf\">dm3cor<\/a><br><br><br><br><a href=\"http:\/\/mathssa.fr\/tds2cor.pdf\">ds2cor<\/a><br><\/td><\/tr><tr><td>Chapitre 3 limites d&rsquo;une suite<\/td><td><a href=\"http:\/\/mathssa.fr\/tch3prof.docx\">word<\/a> ou <a href=\"http:\/\/mathssa.fr\/tch3prof.pdf\">pdf<\/a><\/td><td><a href=\"http:\/\/mathssa.fr\/texosch3.docx\">word<\/a> ou <a href=\"http:\/\/mathssa.fr\/texosch3.pdf\">pdf<\/a><\/td><td><\/td><td><a href=\"http:\/\/mathssa.fr\/tdm4.docx\">dm4word<\/a> ou <a href=\"http:\/\/mathssa.fr\/tdm4.pdf\">dm4pdf<\/a><\/td><td><a href=\"http:\/\/mathssa.fr\/tdm4cor.pdf\">dm4cor<\/a><\/td><\/tr><tr><td>Chapitre 4 les logarithmes<\/td><td><a href=\"http:\/\/mathssa.fr\/tch4prof.docx\">word<\/a> ou <a href=\"http:\/\/mathssa.fr\/tch4prof.pdf\">pdf<\/a><\/td><td><a href=\"http:\/\/mathssa.fr\/texosch4.docx\">word<\/a> ou <a href=\"http:\/\/mathssa.fr\/texosch4.pdf\">pdf<\/a><\/td><td><\/td><td><a href=\"http:\/\/mathssa.fr\/tds3.docx\">ds3word<\/a> ou <a href=\"http:\/\/mathssa.fr\/tds3.pdf\">ds3pdf<\/a><\/td><td><a href=\"http:\/\/mathssa.fr\/tds3cor.pdf\">ds3cor<\/a><\/td><\/tr><tr><td>Chapitre 5 d\u00e9nombrement et loi binomiale<\/td><td><a href=\"http:\/\/mathssa.fr\/tch5prof.docx\">word<\/a> ou <a href=\"http:\/\/mathssa.fr\/tch5prof.pdf\">pdf<\/a><\/td><td><\/td><td><\/td><td><a href=\"http:\/\/mathssa.fr\/tdm5.docx\">dm5word<\/a> ou <a href=\"http:\/\/mathssa.fr\/tdm5.pdf\">dm5pdf<\/a><br><br><a href=\"http:\/\/mathssa.fr\/tds4.docx\">ds4word<\/a> ou <a href=\"http:\/\/mathssa.fr\/tds4.pdf\">ds4pdf<\/a><\/td><td><a href=\"http:\/\/mathssa.fr\/tdm5cor.pdf\">dm5cor<\/a><br><br><a href=\"http:\/\/mathssa.fr\/tds4cor.pdf\">ds4cor<\/a><\/td><\/tr><tr><td>Chapitre 6 vecteurs , droites et plans de l&rsquo;espace<\/td><td><a href=\"http:\/\/mathssa.fr\/tch6prof.docx\">word<\/a> ou <a href=\"http:\/\/mathssa.fr\/tch6prof.pdf\">pdf<\/a><\/td><td><\/td><td><\/td><td><a href=\"http:\/\/mathssa.fr\/tdm6.docx\">dm6word<\/a> ou <a href=\"http:\/\/mathssa.fr\/tdm6.pdf\">dm6pdf<\/a><\/td><td><a href=\"http:\/\/mathssa.fr\/tdm6cor.pdf\">dm6cor<\/a><\/td><\/tr><tr><td>Chapitre 7 produit scalaire et orthogonalit\u00e9 dans l&rsquo;espace<\/td><td><a href=\"http:\/\/mathssa.fr\/tch7prof.docx\">word<\/a> ou <a href=\"http:\/\/mathssa.fr\/tch7prof.pdf\">pdf<\/a><\/td><td><\/td><td><\/td><td><a href=\"http:\/\/mathssa.fr\/tds5.docx\">ds5word<\/a> ou <a href=\"http:\/\/mathssa.fr\/tds5.pdf\">ds5pdf<\/a><br><br><a href=\"http:\/\/mathssa.fr\/tdm7.docx\">dm7word<\/a> ou <a href=\"http:\/\/mathssa.fr\/tdm7.pdf\">dm7pdf<\/a><\/td><td><a href=\"http:\/\/mathssa.fr\/tds5cor.pdf\">ds5cor<\/a><br><br><a href=\"http:\/\/mathssa.fr\/tdm7cor.pdf\">dm7cor<\/a><\/td><\/tr><tr><td>Chapitre 8 primitives et int\u00e9grales<\/td><td><a href=\"http:\/\/mathssa.fr\/tch8prof.docx\">word<\/a> ou <a href=\"http:\/\/mathssa.fr\/tch8prof.pdf\">pdf<\/a><\/td><td><\/td><td><\/td><td><a href=\"http:\/\/mathssa.fr\/tds4.docx\">bacblancword<\/a> ou <a href=\"http:\/\/mathssa.fr\/tbacblanc2025.pdf\">bacblancpdf<\/a><br><br><br><br><a href=\"http:\/\/mathssa.fr\/tdm8.docx\">dm8word<\/a> ou <a href=\"http:\/\/mathssa.fr\/tdm8.pdf\">dm8pdf<\/a><br><a href=\"http:\/\/mathssa.fr\/tdm9.docx\">dm9word<\/a> ou <a href=\"http:\/\/mathssa.fr\/tdm9.pdf\">dm9pdf<\/a><\/td><td><a href=\"http:\/\/mathssa.fr\/tbacblanc2025cor.pdf\">bacblanccorrection<\/a><br><br><br><br><br><br><a href=\"http:\/\/mathssa.fr\/tdm8cor.pdf\">dm8cor<\/a><br><br><a href=\"http:\/\/mathssa.fr\/tdm9cor.pdf\">dm9cor<\/a><br><br><br><br><\/td><\/tr><tr><td>Chapitre 9 variables al\u00e9atoires et loi des grands nombres<\/td><td><a href=\"http:\/\/mathssa.fr\/tch9prof.docx\">word<\/a> ou <a href=\"http:\/\/mathssa.fr\/tch9prof.pdf\">pdf<\/a><\/td><td><\/td><td><\/td><td><a href=\"http:\/\/mathssa.fr\/tds6.docx\">ds6word<\/a> ou <a href=\"http:\/\/mathssa.fr\/tds6.pdf\">ds6pdf<\/a><br><br><a href=\"http:\/\/mathssa.fr\/tdm10.docx\">dm10word<\/a> ou <a href=\"http:\/\/mathssa.fr\/tdm10.pdf\">dm10pdf<\/a><\/td><td><a href=\"http:\/\/mathssa.fr\/tds6cor.pdf\">ds6cor<\/a><\/td><\/tr><tr><td>Chapitre 10 propri\u00e9t\u00e9 des int\u00e9grales (lin\u00e9arit\u00e9 , int\u00e9gration par parties, valeur moyenne d&rsquo;une fonction)<\/td><td><a href=\"http:\/\/mathssa.fr\/tch10prof.docx\">word<\/a> ou <a href=\"http:\/\/mathssa.fr\/tch10prof.pdf\">pdf<\/a><\/td><td><\/td><td><\/td><td><a href=\"http:\/\/mathssa.fr\/tds7.pdf\">ds7pdf<\/a><\/td><td><a href=\"http:\/\/mathssa.fr\/tds7cor.pdf\">ds7cor<\/a><\/td><\/tr><\/tbody><\/table><\/figure>\n\n\n\n<figure class=\"wp-block-table is-style-regular\"><table><tbody><tr><td>Pour le <\/td><td><\/td><td><\/td><td><\/td><td><\/td><td><\/td><td><\/td><td><\/td><td><\/td><td><\/td><\/tr><tr><td>Devoir<\/td><td>dm1<\/td><td><\/td><td><\/td><td><\/td><td><\/td><td><\/td><td><\/td><td><\/td><td><\/td><\/tr><tr><td>Pour le <\/td><td><\/td><td><\/td><td><\/td><td><\/td><td><\/td><td><\/td><td><\/td><td><\/td><td><\/td><\/tr><tr><td>Devoir<\/td><td><\/td><td><\/td><td><\/td><td><\/td><td><\/td><td><\/td><td><\/td><td><\/td><td><\/td><\/tr><\/tbody><\/table><\/figure>\n\n\n\n<p>Quelques sujets de Grand Oral : <a href=\"http:\/\/mathssa.fr\/grand oral sujet.docx\">word <\/a>ou <a href=\"http:\/\/mathssa.fr\/grand oral sujet.pdf\">pdf<\/a><\/p>\n\n\n\n<p><\/p>\n","protected":false},"excerpt":{"rendered":"<p>SYNTHESE DU COURS (regroupement th\u00e9matique): word ou pdf Chapitre Cours prof Exercices activit\u00e9s devoirs corrig\u00e9s Chapitre 1 compl\u00e9ments de 1\u00e8re (suite arithm\u00e9tico g\u00e9om\u00e9trique , r\u00e9currence , d\u00e9riv\u00e9es de fcts compos\u00e9es , \u00e9qua dif et convexit\u00e9) word ou pdf r\u00e9vision suite 1\u00e8re: word ou pdf dm1word ou dm1pdf ds1word ou ds1pdf dm1cor ds1cor Chapitre 2 limites [&hellip;]<\/p>\n","protected":false},"author":1,"featured_media":0,"parent":0,"menu_order":0,"comment_status":"closed","ping_status":"closed","template":"","meta":[],"_links":{"self":[{"href":"https:\/\/mathssa.fr\/index.php?rest_route=\/wp\/v2\/pages\/506"}],"collection":[{"href":"https:\/\/mathssa.fr\/index.php?rest_route=\/wp\/v2\/pages"}],"about":[{"href":"https:\/\/mathssa.fr\/index.php?rest_route=\/wp\/v2\/types\/page"}],"author":[{"embeddable":true,"href":"https:\/\/mathssa.fr\/index.php?rest_route=\/wp\/v2\/users\/1"}],"replies":[{"embeddable":true,"href":"https:\/\/mathssa.fr\/index.php?rest_route=%2Fwp%2Fv2%2Fcomments&post=506"}],"version-history":[{"count":33,"href":"https:\/\/mathssa.fr\/index.php?rest_route=\/wp\/v2\/pages\/506\/revisions"}],"predecessor-version":[{"id":567,"href":"https:\/\/mathssa.fr\/index.php?rest_route=\/wp\/v2\/pages\/506\/revisions\/567"}],"wp:attachment":[{"href":"https:\/\/mathssa.fr\/index.php?rest_route=%2Fwp%2Fv2%2Fmedia&parent=506"}],"curies":[{"name":"wp","href":"https:\/\/api.w.org\/{rel}","templated":true}]}}